{"id":18,"date":"2024-12-27T00:58:37","date_gmt":"2024-12-26T23:58:37","guid":{"rendered":"https:\/\/buryskova.cz\/?page_id=18"},"modified":"2026-04-24T09:47:31","modified_gmt":"2026-04-24T07:47:31","slug":"bio","status":"publish","type":"page","link":"https:\/\/buryskova.cz\/en\/bio\/","title":{"rendered":"My CV"},"content":{"rendered":"<div class=\"wp-block-group expand-images has-global-padding is-layout-constrained wp-container-core-group-is-layout-81356f74 wp-block-group-is-layout-constrained\" style=\"border-right-color:var(--wp--preset--color--custom-purpurova);border-right-width:1px;padding-right:var(--wp--preset--spacing--10)\">\n\n\n<p>Download my <a href=\"http:\/\/buryskova.cz\/wp-content\/uploads\/2026\/04\/CV_Buryskova_EN-6-1.pdf\" target=\"_blank\" rel=\"noreferrer noopener\">CV<\/a>.<\/p>\n\n\n\n<div class=\"wp-block-group has-global-padding is-layout-constrained wp-block-group-is-layout-constrained\">\n<figure data-wp-context=\"{&quot;imageId&quot;:&quot;69f1d85b9f7a4&quot;}\" data-wp-interactive=\"core\/image\" data-wp-key=\"69f1d85b9f7a4\" class=\"wp-block-image alignright size-medium is-style-rounded is-style-rounded--1 wp-lightbox-container\"><img loading=\"lazy\" decoding=\"async\" width=\"300\" height=\"169\" data-wp-class--hide=\"state.isContentHidden\" data-wp-class--show=\"state.isContentVisible\" data-wp-init=\"callbacks.setButtonStyles\" data-wp-on--click=\"actions.showLightbox\" data-wp-on--load=\"callbacks.setButtonStyles\" data-wp-on-window--resize=\"callbacks.setButtonStyles\" src=\"https:\/\/buryskova.cz\/wp-content\/uploads\/2026\/01\/IMG_20180731_090940-300x169.jpg\" alt=\"\" class=\"wp-image-528\" srcset=\"https:\/\/buryskova.cz\/wp-content\/uploads\/2026\/01\/IMG_20180731_090940-300x169.jpg 300w, https:\/\/buryskova.cz\/wp-content\/uploads\/2026\/01\/IMG_20180731_090940-1024x576.jpg 1024w, https:\/\/buryskova.cz\/wp-content\/uploads\/2026\/01\/IMG_20180731_090940-768x432.jpg 768w, https:\/\/buryskova.cz\/wp-content\/uploads\/2026\/01\/IMG_20180731_090940-1536x864.jpg 1536w, https:\/\/buryskova.cz\/wp-content\/uploads\/2026\/01\/IMG_20180731_090940-2048x1152.jpg 2048w, https:\/\/buryskova.cz\/wp-content\/uploads\/2026\/01\/IMG_20180731_090940-18x10.jpg 18w, https:\/\/buryskova.cz\/wp-content\/uploads\/2026\/01\/IMG_20180731_090940-500x281.jpg 500w, https:\/\/buryskova.cz\/wp-content\/uploads\/2026\/01\/IMG_20180731_090940-800x450.jpg 800w, https:\/\/buryskova.cz\/wp-content\/uploads\/2026\/01\/IMG_20180731_090940-1280x720.jpg 1280w, https:\/\/buryskova.cz\/wp-content\/uploads\/2026\/01\/IMG_20180731_090940-1920x1080.jpg 1920w\" sizes=\"auto, (max-width: 300px) 100vw, 300px\" \/><button\n\t\t\tclass=\"lightbox-trigger\"\n\t\t\ttype=\"button\"\n\t\t\taria-haspopup=\"dialog\"\n\t\t\taria-label=\"Enlarge\"\n\t\t\tdata-wp-init=\"callbacks.initTriggerButton\"\n\t\t\tdata-wp-on--click=\"actions.showLightbox\"\n\t\t\tdata-wp-style--right=\"state.imageButtonRight\"\n\t\t\tdata-wp-style--top=\"state.imageButtonTop\"\n\t\t>\n\t\t\t<svg xmlns=\"http:\/\/www.w3.org\/2000\/svg\" width=\"12\" height=\"12\" fill=\"none\" viewbox=\"0 0 12 12\">\n\t\t\t\t<path fill=\"#fff\" d=\"M2 0a2 2 0 0 0-2 2v2h1.5V2a.5.5 0 0 1 .5-.5h2V0H2Zm2 10.5H2a.5.5 0 0 1-.5-.5V8H0v2a2 2 0 0 0 2 2h2v-1.5ZM8 12v-1.5h2a.5.5 0 0 0 .5-.5V8H12v2a2 2 0 0 1-2 2H8Zm2-12a2 2 0 0 1 2 2v2h-1.5V2a.5.5 0 0 0-.5-.5H8V0h2Z\" \/>\n\t\t\t<\/svg>\n\t\t<\/button><figcaption class=\"wp-element-caption\">DMA tester, which I worked with when writing my Bachelor's thesis<\/figcaption><\/figure>\n\n\n\n<p>I have always enjoyed thinking in an abstract yet strictly analytical way. However, during my high school studies, I knew of only a few fields that applied a way of reasoning that was so natural to me. Therefore, when choosing my first university, I chose the Faculty of Mathematics and Physics at Charles University. During my studies there, I explored several different subfields. Although my main focus was education, I also got a taste of research in the laboratories of chemical physics and physics of materials. However, working in the lab did not captivate me as much as I had hoped, so I kept looking for other paths to pursue in my academic and professional journey.<\/p>\n<\/div>\n\n\n\n<div class=\"wp-block-group has-global-padding is-layout-constrained wp-block-group-is-layout-constrained\">\n<figure data-wp-context=\"{&quot;imageId&quot;:&quot;69f1d85ba05e5&quot;}\" data-wp-interactive=\"core\/image\" data-wp-key=\"69f1d85ba05e5\" class=\"wp-block-image alignleft size-medium is-style-rounded is-style-rounded--2 wp-lightbox-container\"><img loading=\"lazy\" decoding=\"async\" width=\"226\" height=\"300\" data-wp-class--hide=\"state.isContentHidden\" data-wp-class--show=\"state.isContentVisible\" data-wp-init=\"callbacks.setButtonStyles\" data-wp-on--click=\"actions.showLightbox\" data-wp-on--load=\"callbacks.setButtonStyles\" data-wp-on-window--resize=\"callbacks.setButtonStyles\" src=\"https:\/\/buryskova.cz\/wp-content\/uploads\/2025\/01\/image-3-226x300.png\" alt=\"\" class=\"wp-image-174\" style=\"object-fit:cover\" srcset=\"https:\/\/buryskova.cz\/wp-content\/uploads\/2025\/01\/image-3-226x300.png 226w, https:\/\/buryskova.cz\/wp-content\/uploads\/2025\/01\/image-3-500x664.png 500w, https:\/\/buryskova.cz\/wp-content\/uploads\/2025\/01\/image-3.png 688w\" sizes=\"auto, (max-width: 226px) 100vw, 226px\" \/><button\n\t\t\tclass=\"lightbox-trigger\"\n\t\t\ttype=\"button\"\n\t\t\taria-haspopup=\"dialog\"\n\t\t\taria-label=\"Enlarge\"\n\t\t\tdata-wp-init=\"callbacks.initTriggerButton\"\n\t\t\tdata-wp-on--click=\"actions.showLightbox\"\n\t\t\tdata-wp-style--right=\"state.imageButtonRight\"\n\t\t\tdata-wp-style--top=\"state.imageButtonTop\"\n\t\t>\n\t\t\t<svg xmlns=\"http:\/\/www.w3.org\/2000\/svg\" width=\"12\" height=\"12\" fill=\"none\" viewbox=\"0 0 12 12\">\n\t\t\t\t<path fill=\"#fff\" d=\"M2 0a2 2 0 0 0-2 2v2h1.5V2a.5.5 0 0 1 .5-.5h2V0H2Zm2 10.5H2a.5.5 0 0 1-.5-.5V8H0v2a2 2 0 0 0 2 2h2v-1.5ZM8 12v-1.5h2a.5.5 0 0 0 .5-.5V8H12v2a2 2 0 0 1-2 2H8Zm2-12a2 2 0 0 1 2 2v2h-1.5V2a.5.5 0 0 0-.5-.5H8V0h2Z\" \/>\n\t\t\t<\/svg>\n\t\t<\/button><figcaption class=\"wp-element-caption\">Faculty of Law, my second alma mater<\/figcaption><\/figure>\n\n\n\n<p class=\"has-text-align-left\">At that time, I decided to study law, a field that had always attracted me with its structure, predictability, and wide range of practical applications. Alongside my master\u2019s studies at the Faculty of Mathematics and Physics, I enrolled at the Faculty of Law at Charles University. In my very first year there, I was captivated by the courses offered by the Department of Economics and Empirical Legal Studies \u2014 the opportunity to apply an analytical approach to understanding the society around us was truly exciting. With enthusiasm, I joined the department\u2019s projects as a research assistant, where I learned the fundamentals of data analysis and academic writing.<\/p>\n<\/div>\n\n\n\n<p>After earning my master\u2019s degree at the Faculty of Mathematics and Physics, I was certain that I wanted to stay in academia a little longer and pursue research in one of my fields. When I heard about the Czech-American PhD program in Economics and Econometrics at CERGE-EI, I did not have to search further \u2014 it felt like the curriculum was tailored to me. <\/p>\n\n\n\n<div class=\"wp-block-group has-global-padding is-layout-constrained wp-block-group-is-layout-constrained\">\n<figure data-wp-context=\"{&quot;imageId&quot;:&quot;69f1d85ba11e3&quot;}\" data-wp-interactive=\"core\/image\" data-wp-key=\"69f1d85ba11e3\" class=\"wp-block-image alignright size-medium is-resized is-style-rounded is-style-rounded--3 wp-lightbox-container\"><img loading=\"lazy\" decoding=\"async\" width=\"300\" height=\"200\" data-wp-class--hide=\"state.isContentHidden\" data-wp-class--show=\"state.isContentVisible\" data-wp-init=\"callbacks.setButtonStyles\" data-wp-on--click=\"actions.showLightbox\" data-wp-on--load=\"callbacks.setButtonStyles\" data-wp-on-window--resize=\"callbacks.setButtonStyles\" src=\"https:\/\/buryskova.cz\/wp-content\/uploads\/2025\/06\/54554439057_e9df74d7cd_o-300x200.jpg\" alt=\"\" class=\"wp-image-450\" style=\"object-fit:cover;width:361px;height:auto\" srcset=\"https:\/\/buryskova.cz\/wp-content\/uploads\/2025\/06\/54554439057_e9df74d7cd_o-300x200.jpg 300w, https:\/\/buryskova.cz\/wp-content\/uploads\/2025\/06\/54554439057_e9df74d7cd_o-1024x683.jpg 1024w, https:\/\/buryskova.cz\/wp-content\/uploads\/2025\/06\/54554439057_e9df74d7cd_o-768x512.jpg 768w, https:\/\/buryskova.cz\/wp-content\/uploads\/2025\/06\/54554439057_e9df74d7cd_o-1536x1024.jpg 1536w, https:\/\/buryskova.cz\/wp-content\/uploads\/2025\/06\/54554439057_e9df74d7cd_o-2048x1365.jpg 2048w, https:\/\/buryskova.cz\/wp-content\/uploads\/2025\/06\/54554439057_e9df74d7cd_o-18x12.jpg 18w, https:\/\/buryskova.cz\/wp-content\/uploads\/2025\/06\/54554439057_e9df74d7cd_o-500x333.jpg 500w, https:\/\/buryskova.cz\/wp-content\/uploads\/2025\/06\/54554439057_e9df74d7cd_o-800x533.jpg 800w, https:\/\/buryskova.cz\/wp-content\/uploads\/2025\/06\/54554439057_e9df74d7cd_o-1280x853.jpg 1280w, https:\/\/buryskova.cz\/wp-content\/uploads\/2025\/06\/54554439057_e9df74d7cd_o-1920x1280.jpg 1920w\" sizes=\"auto, (max-width: 300px) 100vw, 300px\" \/><button\n\t\t\tclass=\"lightbox-trigger\"\n\t\t\ttype=\"button\"\n\t\t\taria-haspopup=\"dialog\"\n\t\t\taria-label=\"Enlarge\"\n\t\t\tdata-wp-init=\"callbacks.initTriggerButton\"\n\t\t\tdata-wp-on--click=\"actions.showLightbox\"\n\t\t\tdata-wp-style--right=\"state.imageButtonRight\"\n\t\t\tdata-wp-style--top=\"state.imageButtonTop\"\n\t\t>\n\t\t\t<svg xmlns=\"http:\/\/www.w3.org\/2000\/svg\" width=\"12\" height=\"12\" fill=\"none\" viewbox=\"0 0 12 12\">\n\t\t\t\t<path fill=\"#fff\" d=\"M2 0a2 2 0 0 0-2 2v2h1.5V2a.5.5 0 0 1 .5-.5h2V0H2Zm2 10.5H2a.5.5 0 0 1-.5-.5V8H0v2a2 2 0 0 0 2 2h2v-1.5ZM8 12v-1.5h2a.5.5 0 0 0 .5-.5V8H12v2a2 2 0 0 1-2 2H8Zm2-12a2 2 0 0 1 2 2v2h-1.5V2a.5.5 0 0 0-.5-.5H8V0h2Z\" \/>\n\t\t\t<\/svg>\n\t\t<\/button><figcaption class=\"wp-element-caption\">CERGE-EI, my current affiliation<\/figcaption><\/figure>\n\n\n\n<p>And so, in September 2022, I became a PhD student. At CERGE-EI, I was welcomed by a fantastic international community of classmates and professors \u2014 rising and already shining stars in the field of economics. During my first two years, I explored various subfields of the discipline, with behavioral economics, information economics, and health economics capturing my interest the most. <\/p>\n<\/div>\n\n\n\n<figure data-wp-context=\"{&quot;imageId&quot;:&quot;69f1d85ba1d02&quot;}\" data-wp-interactive=\"core\/image\" data-wp-key=\"69f1d85ba1d02\" class=\"wp-block-image alignleft size-medium is-resized is-style-rounded is-style-rounded--4 wp-lightbox-container\"><img loading=\"lazy\" decoding=\"async\" width=\"300\" height=\"226\" data-wp-class--hide=\"state.isContentHidden\" data-wp-class--show=\"state.isContentVisible\" data-wp-init=\"callbacks.setButtonStyles\" data-wp-on--click=\"actions.showLightbox\" data-wp-on--load=\"callbacks.setButtonStyles\" data-wp-on-window--resize=\"callbacks.setButtonStyles\" src=\"https:\/\/buryskova.cz\/wp-content\/uploads\/2025\/06\/photo1-300x226.jpg\" alt=\"\" class=\"wp-image-452\" style=\"object-fit:cover;width:339px;height:auto\" srcset=\"https:\/\/buryskova.cz\/wp-content\/uploads\/2025\/06\/photo1-300x226.jpg 300w, https:\/\/buryskova.cz\/wp-content\/uploads\/2025\/06\/photo1-1024x771.jpg 1024w, https:\/\/buryskova.cz\/wp-content\/uploads\/2025\/06\/photo1-768x578.jpg 768w, https:\/\/buryskova.cz\/wp-content\/uploads\/2025\/06\/photo1-1536x1157.jpg 1536w, https:\/\/buryskova.cz\/wp-content\/uploads\/2025\/06\/photo1-2048x1542.jpg 2048w, https:\/\/buryskova.cz\/wp-content\/uploads\/2025\/06\/photo1-16x12.jpg 16w, https:\/\/buryskova.cz\/wp-content\/uploads\/2025\/06\/photo1-500x376.jpg 500w, https:\/\/buryskova.cz\/wp-content\/uploads\/2025\/06\/photo1-800x602.jpg 800w, https:\/\/buryskova.cz\/wp-content\/uploads\/2025\/06\/photo1-1280x964.jpg 1280w, https:\/\/buryskova.cz\/wp-content\/uploads\/2025\/06\/photo1-1920x1446.jpg 1920w\" sizes=\"auto, (max-width: 300px) 100vw, 300px\" \/><button\n\t\t\tclass=\"lightbox-trigger\"\n\t\t\ttype=\"button\"\n\t\t\taria-haspopup=\"dialog\"\n\t\t\taria-label=\"Enlarge\"\n\t\t\tdata-wp-init=\"callbacks.initTriggerButton\"\n\t\t\tdata-wp-on--click=\"actions.showLightbox\"\n\t\t\tdata-wp-style--right=\"state.imageButtonRight\"\n\t\t\tdata-wp-style--top=\"state.imageButtonTop\"\n\t\t>\n\t\t\t<svg xmlns=\"http:\/\/www.w3.org\/2000\/svg\" width=\"12\" height=\"12\" fill=\"none\" viewbox=\"0 0 12 12\">\n\t\t\t\t<path fill=\"#fff\" d=\"M2 0a2 2 0 0 0-2 2v2h1.5V2a.5.5 0 0 1 .5-.5h2V0H2Zm2 10.5H2a.5.5 0 0 1-.5-.5V8H0v2a2 2 0 0 0 2 2h2v-1.5ZM8 12v-1.5h2a.5.5 0 0 0 .5-.5V8H12v2a2 2 0 0 1-2 2H8Zm2-12a2 2 0 0 1 2 2v2h-1.5V2a.5.5 0 0 0-.5-.5H8V0h2Z\" \/>\n\t\t\t<\/svg>\n\t\t<\/button><figcaption class=\"wp-element-caption\">Research visit at UC Berkeley<\/figcaption><\/figure>\n\n\n\n<p>Currently, I am working on my own research, while also teaching and assisting faculty members with their projects. My main advisor is Filip Mat\u011bjka.<\/p>\n\n\n\n<div class=\"wp-block-group is-nowrap is-layout-flex wp-container-core-group-is-layout-6c531013 wp-block-group-is-layout-flex\">\n<p>I spent the Spring of 2025 at UC Berkeley, hosted by Jonatan Kolstad.<\/p>\n<\/div>\n<\/div>","protected":false},"excerpt":{"rendered":"<p>Download my CV. V\u017edy m\u011b bavilo p\u0159em\u00fd\u0161let abstraktn\u00edm, av\u0161ak p\u0159\u00edsn\u011b analytick\u00fdm zp\u016fsobem. V dob\u011b sv\u00fdch gymnazi\u00e1ln\u00edch studi\u00ed jsem znala jen m\u00e1lo obor\u016f, kter\u00e9 by vyu\u017e\u00edvaly zp\u016fsob uva\u017eov\u00e1n\u00ed mne bl\u00edzk\u00fd. Proto jsem se p\u0159i v\u00fdb\u011bru sv\u00e9 prvn\u00ed vysok\u00e9 \u0161koly rozhodla pro Matematicko-fyzik\u00e1ln\u00ed fakultu Univerzity Karlovy. V r\u00e1mci t\u00e9to instituce jsem si vyzkou\u0161ela n\u011bkolik r\u016fzn\u00fdch podobor\u016f &#8211; [&hellip;]<\/p>","protected":false},"author":1,"featured_media":0,"parent":0,"menu_order":0,"comment_status":"closed","ping_status":"closed","template":"","meta":{"footnotes":""},"class_list":["post-18","page","type-page","status-publish","hentry"],"yoast_head":"<!-- This site is optimized with the Yoast SEO plugin v24.3 - https:\/\/yoast.com\/wordpress\/plugins\/seo\/ -->\n<title>Tereza Bur\u00fd\u0161kov\u00e1<\/title>\n<meta name=\"robots\" content=\"index, follow, max-snippet:-1, max-image-preview:large, max-video-preview:-1\" \/>\n<link rel=\"canonical\" href=\"https:\/\/buryskova.cz\/en\/bio\/\" \/>\n<meta property=\"og:locale\" content=\"en_GB\" \/>\n<meta property=\"og:type\" content=\"article\" \/>\n<meta property=\"og:title\" content=\"Tereza Bur\u00fd\u0161kov\u00e1\" \/>\n<meta property=\"og:description\" content=\"Download my CV. V\u017edy m\u011b bavilo p\u0159em\u00fd\u0161let abstraktn\u00edm, av\u0161ak p\u0159\u00edsn\u011b analytick\u00fdm zp\u016fsobem. V dob\u011b sv\u00fdch gymnazi\u00e1ln\u00edch studi\u00ed jsem znala jen m\u00e1lo obor\u016f, kter\u00e9 by vyu\u017e\u00edvaly zp\u016fsob uva\u017eov\u00e1n\u00ed mne bl\u00edzk\u00fd. Proto jsem se p\u0159i v\u00fdb\u011bru sv\u00e9 prvn\u00ed vysok\u00e9 \u0161koly rozhodla pro Matematicko-fyzik\u00e1ln\u00ed fakultu Univerzity Karlovy. V r\u00e1mci t\u00e9to instituce jsem si vyzkou\u0161ela n\u011bkolik r\u016fzn\u00fdch podobor\u016f &#8211; [&hellip;]\" \/>\n<meta property=\"og:url\" content=\"https:\/\/buryskova.cz\/en\/bio\/\" \/>\n<meta property=\"og:site_name\" content=\"Tereza Bur\u00fd\u0161kov\u00e1\" \/>\n<meta property=\"article:modified_time\" content=\"2026-04-24T07:47:31+00:00\" \/>\n<meta property=\"og:image\" content=\"https:\/\/buryskova.cz\/wp-content\/uploads\/2026\/01\/IMG_20180731_090940-300x169.jpg\" \/>\n<meta name=\"twitter:card\" content=\"summary_large_image\" \/>\n<meta name=\"twitter:label1\" content=\"Estimated reading time\" \/>\n\t<meta name=\"twitter:data1\" content=\"3 minutes\" \/>\n<script type=\"application\/ld+json\" class=\"yoast-schema-graph\">{\"@context\":\"https:\/\/schema.org\",\"@graph\":[{\"@type\":\"WebPage\",\"@id\":\"https:\/\/buryskova.cz\/en\/bio\/\",\"url\":\"https:\/\/buryskova.cz\/en\/bio\/\",\"name\":\"Tereza Bur\u00fd\u0161kov\u00e1\",\"isPartOf\":{\"@id\":\"https:\/\/buryskova.cz\/cz\/#website\"},\"primaryImageOfPage\":{\"@id\":\"https:\/\/buryskova.cz\/en\/bio\/#primaryimage\"},\"image\":{\"@id\":\"https:\/\/buryskova.cz\/en\/bio\/#primaryimage\"},\"thumbnailUrl\":\"https:\/\/buryskova.cz\/wp-content\/uploads\/2026\/01\/IMG_20180731_090940-300x169.jpg\",\"datePublished\":\"2024-12-26T23:58:37+00:00\",\"dateModified\":\"2026-04-24T07:47:31+00:00\",\"breadcrumb\":{\"@id\":\"https:\/\/buryskova.cz\/en\/bio\/#breadcrumb\"},\"inLanguage\":\"en-GB\",\"potentialAction\":[{\"@type\":\"ReadAction\",\"target\":[\"https:\/\/buryskova.cz\/en\/bio\/\"]}]},{\"@type\":\"ImageObject\",\"inLanguage\":\"en-GB\",\"@id\":\"https:\/\/buryskova.cz\/en\/bio\/#primaryimage\",\"url\":\"https:\/\/buryskova.cz\/wp-content\/uploads\/2026\/01\/IMG_20180731_090940-300x169.jpg\",\"contentUrl\":\"https:\/\/buryskova.cz\/wp-content\/uploads\/2026\/01\/IMG_20180731_090940-300x169.jpg\"},{\"@type\":\"BreadcrumbList\",\"@id\":\"https:\/\/buryskova.cz\/en\/bio\/#breadcrumb\",\"itemListElement\":[{\"@type\":\"ListItem\",\"position\":1,\"name\":\"Dom\u016f\",\"item\":\"https:\/\/buryskova.cz\/cz\/\"},{\"@type\":\"ListItem\",\"position\":2,\"name\":\"O mn\u011b\"}]},{\"@type\":\"WebSite\",\"@id\":\"https:\/\/buryskova.cz\/cz\/#website\",\"url\":\"https:\/\/buryskova.cz\/cz\/\",\"name\":\"Tereza Bur\u00fd\u0161kov\u00e1\",\"description\":\"Akademick\u00e9 str\u00e1nky\",\"potentialAction\":[{\"@type\":\"SearchAction\",\"target\":{\"@type\":\"EntryPoint\",\"urlTemplate\":\"https:\/\/buryskova.cz\/cz\/?s={search_term_string}\"},\"query-input\":{\"@type\":\"PropertyValueSpecification\",\"valueRequired\":true,\"valueName\":\"search_term_string\"}}],\"inLanguage\":\"en-GB\"}]}<\/script>\n<!-- \/ Yoast SEO plugin. -->","yoast_head_json":{"title":"Tereza Bur\u00fd\u0161kov\u00e1","robots":{"index":"index","follow":"follow","max-snippet":"max-snippet:-1","max-image-preview":"max-image-preview:large","max-video-preview":"max-video-preview:-1"},"canonical":"https:\/\/buryskova.cz\/en\/bio\/","og_locale":"en_GB","og_type":"article","og_title":"Tereza Bur\u00fd\u0161kov\u00e1","og_description":"Download my CV. V\u017edy m\u011b bavilo p\u0159em\u00fd\u0161let abstraktn\u00edm, av\u0161ak p\u0159\u00edsn\u011b analytick\u00fdm zp\u016fsobem. V dob\u011b sv\u00fdch gymnazi\u00e1ln\u00edch studi\u00ed jsem znala jen m\u00e1lo obor\u016f, kter\u00e9 by vyu\u017e\u00edvaly zp\u016fsob uva\u017eov\u00e1n\u00ed mne bl\u00edzk\u00fd. Proto jsem se p\u0159i v\u00fdb\u011bru sv\u00e9 prvn\u00ed vysok\u00e9 \u0161koly rozhodla pro Matematicko-fyzik\u00e1ln\u00ed fakultu Univerzity Karlovy. V r\u00e1mci t\u00e9to instituce jsem si vyzkou\u0161ela n\u011bkolik r\u016fzn\u00fdch podobor\u016f &#8211; [&hellip;]","og_url":"https:\/\/buryskova.cz\/en\/bio\/","og_site_name":"Tereza Bur\u00fd\u0161kov\u00e1","article_modified_time":"2026-04-24T07:47:31+00:00","og_image":[{"url":"https:\/\/buryskova.cz\/wp-content\/uploads\/2026\/01\/IMG_20180731_090940-300x169.jpg","type":"","width":"","height":""}],"twitter_card":"summary_large_image","twitter_misc":{"Estimated reading time":"3 minutes"},"schema":{"@context":"https:\/\/schema.org","@graph":[{"@type":"WebPage","@id":"https:\/\/buryskova.cz\/en\/bio\/","url":"https:\/\/buryskova.cz\/en\/bio\/","name":"Tereza Bur\u00fd\u0161kov\u00e1","isPartOf":{"@id":"https:\/\/buryskova.cz\/cz\/#website"},"primaryImageOfPage":{"@id":"https:\/\/buryskova.cz\/en\/bio\/#primaryimage"},"image":{"@id":"https:\/\/buryskova.cz\/en\/bio\/#primaryimage"},"thumbnailUrl":"https:\/\/buryskova.cz\/wp-content\/uploads\/2026\/01\/IMG_20180731_090940-300x169.jpg","datePublished":"2024-12-26T23:58:37+00:00","dateModified":"2026-04-24T07:47:31+00:00","breadcrumb":{"@id":"https:\/\/buryskova.cz\/en\/bio\/#breadcrumb"},"inLanguage":"en-GB","potentialAction":[{"@type":"ReadAction","target":["https:\/\/buryskova.cz\/en\/bio\/"]}]},{"@type":"ImageObject","inLanguage":"en-GB","@id":"https:\/\/buryskova.cz\/en\/bio\/#primaryimage","url":"https:\/\/buryskova.cz\/wp-content\/uploads\/2026\/01\/IMG_20180731_090940-300x169.jpg","contentUrl":"https:\/\/buryskova.cz\/wp-content\/uploads\/2026\/01\/IMG_20180731_090940-300x169.jpg"},{"@type":"BreadcrumbList","@id":"https:\/\/buryskova.cz\/en\/bio\/#breadcrumb","itemListElement":[{"@type":"ListItem","position":1,"name":"Dom\u016f","item":"https:\/\/buryskova.cz\/cz\/"},{"@type":"ListItem","position":2,"name":"O mn\u011b"}]},{"@type":"WebSite","@id":"https:\/\/buryskova.cz\/cz\/#website","url":"https:\/\/buryskova.cz\/cz\/","name":"Tereza Bur\u00fd\u0161kov\u00e1","description":"Akademick\u00e9 str\u00e1nky","potentialAction":[{"@type":"SearchAction","target":{"@type":"EntryPoint","urlTemplate":"https:\/\/buryskova.cz\/cz\/?s={search_term_string}"},"query-input":{"@type":"PropertyValueSpecification","valueRequired":true,"valueName":"search_term_string"}}],"inLanguage":"en-GB"}]}},"_links":{"self":[{"href":"https:\/\/buryskova.cz\/en\/wp-json\/wp\/v2\/pages\/18","targetHints":{"allow":["GET"]}}],"collection":[{"href":"https:\/\/buryskova.cz\/en\/wp-json\/wp\/v2\/pages"}],"about":[{"href":"https:\/\/buryskova.cz\/en\/wp-json\/wp\/v2\/types\/page"}],"author":[{"embeddable":true,"href":"https:\/\/buryskova.cz\/en\/wp-json\/wp\/v2\/users\/1"}],"replies":[{"embeddable":true,"href":"https:\/\/buryskova.cz\/en\/wp-json\/wp\/v2\/comments?post=18"}],"version-history":[{"count":34,"href":"https:\/\/buryskova.cz\/en\/wp-json\/wp\/v2\/pages\/18\/revisions"}],"predecessor-version":[{"id":563,"href":"https:\/\/buryskova.cz\/en\/wp-json\/wp\/v2\/pages\/18\/revisions\/563"}],"wp:attachment":[{"href":"https:\/\/buryskova.cz\/en\/wp-json\/wp\/v2\/media?parent=18"}],"curies":[{"name":"wp","href":"https:\/\/api.w.org\/{rel}","templated":true}]}}