{"id":157,"date":"2025-01-20T16:59:08","date_gmt":"2025-01-20T15:59:08","guid":{"rendered":"https:\/\/buryskova.cz\/?page_id=157"},"modified":"2025-02-02T22:22:36","modified_gmt":"2025-02-02T21:22:36","slug":"non-academic","status":"publish","type":"page","link":"https:\/\/buryskova.cz\/en\/non-academic\/","title":{"rendered":"Non-academic"},"content":{"rendered":"<blockquote class=\"wp-block-quote is-style-default is-layout-flow wp-block-quote-is-layout-flow\">\n<h3 class=\"wp-block-heading has-text-align-left\">Na St\u0159\u00edda\u010dce<\/h3>\n\n\n\n<p class=\"has-medium-font-size\">Since 2019, I have been an actress in a drama company Na St\u0159\u00edda\u010dce. I will be happy to see you in our audience anytime!<\/p>\n\n\n\n<p class=\"has-medium-font-size\"><a href=\"http:\/\/nastridacce.art\" data-type=\"link\" data-id=\"nastridacce.art\">Web<\/a>, <a href=\"https:\/\/www.facebook.com\/nastridacce\" data-type=\"link\" data-id=\"https:\/\/www.facebook.com\/nastridacce\">Facebook,<\/a> <a href=\"https:\/\/www.instagram.com\/nastridacce\" data-type=\"link\" data-id=\"https:\/\/www.instagram.com\/nastridacce\">Instagram<\/a><\/p>\n\n\n\n<figure data-wp-context=\"{&quot;imageId&quot;:&quot;69f39dc86f121&quot;}\" data-wp-interactive=\"core\/image\" data-wp-key=\"69f39dc86f121\" class=\"wp-block-image size-large is-style-rounded is-style-rounded--1 wp-lightbox-container\"><img loading=\"lazy\" decoding=\"async\" width=\"1024\" height=\"768\" data-wp-class--hide=\"state.isContentHidden\" data-wp-class--show=\"state.isContentVisible\" data-wp-init=\"callbacks.setButtonStyles\" data-wp-on--click=\"actions.showLightbox\" data-wp-on--load=\"callbacks.setButtonStyles\" data-wp-on-window--resize=\"callbacks.setButtonStyles\" src=\"https:\/\/buryskova.cz\/wp-content\/uploads\/2025\/01\/309264767_700771691097883_4589508762674988614_n-1024x768.jpg\" alt=\"\" class=\"wp-image-160\" srcset=\"https:\/\/buryskova.cz\/wp-content\/uploads\/2025\/01\/309264767_700771691097883_4589508762674988614_n-1024x768.jpg 1024w, https:\/\/buryskova.cz\/wp-content\/uploads\/2025\/01\/309264767_700771691097883_4589508762674988614_n-300x225.jpg 300w, https:\/\/buryskova.cz\/wp-content\/uploads\/2025\/01\/309264767_700771691097883_4589508762674988614_n-768x576.jpg 768w, https:\/\/buryskova.cz\/wp-content\/uploads\/2025\/01\/309264767_700771691097883_4589508762674988614_n-1536x1152.jpg 1536w, https:\/\/buryskova.cz\/wp-content\/uploads\/2025\/01\/309264767_700771691097883_4589508762674988614_n-500x375.jpg 500w, https:\/\/buryskova.cz\/wp-content\/uploads\/2025\/01\/309264767_700771691097883_4589508762674988614_n-800x600.jpg 800w, https:\/\/buryskova.cz\/wp-content\/uploads\/2025\/01\/309264767_700771691097883_4589508762674988614_n-1280x960.jpg 1280w, https:\/\/buryskova.cz\/wp-content\/uploads\/2025\/01\/309264767_700771691097883_4589508762674988614_n-1920x1440.jpg 1920w, https:\/\/buryskova.cz\/wp-content\/uploads\/2025\/01\/309264767_700771691097883_4589508762674988614_n.jpg 2000w\" sizes=\"auto, (max-width: 1024px) 100vw, 1024px\" \/><button\n\t\t\tclass=\"lightbox-trigger\"\n\t\t\ttype=\"button\"\n\t\t\taria-haspopup=\"dialog\"\n\t\t\taria-label=\"Enlarge\"\n\t\t\tdata-wp-init=\"callbacks.initTriggerButton\"\n\t\t\tdata-wp-on--click=\"actions.showLightbox\"\n\t\t\tdata-wp-style--right=\"state.imageButtonRight\"\n\t\t\tdata-wp-style--top=\"state.imageButtonTop\"\n\t\t>\n\t\t\t<svg xmlns=\"http:\/\/www.w3.org\/2000\/svg\" width=\"12\" height=\"12\" fill=\"none\" viewbox=\"0 0 12 12\">\n\t\t\t\t<path fill=\"#fff\" d=\"M2 0a2 2 0 0 0-2 2v2h1.5V2a.5.5 0 0 1 .5-.5h2V0H2Zm2 10.5H2a.5.5 0 0 1-.5-.5V8H0v2a2 2 0 0 0 2 2h2v-1.5ZM8 12v-1.5h2a.5.5 0 0 0 .5-.5V8H12v2a2 2 0 0 1-2 2H8Zm2-12a2 2 0 0 1 2 2v2h-1.5V2a.5.5 0 0 0-.5-.5H8V0h2Z\" \/>\n\t\t\t<\/svg>\n\t\t<\/button><\/figure>\n<\/blockquote>\n\n\n\n<blockquote class=\"wp-block-quote is-layout-flow wp-block-quote-is-layout-flow\">\n<h3 class=\"wp-block-heading\">Running and other sports<\/h3>\n\n\n\n<p class=\"has-medium-font-size\">I am an enthusiastic amateur runner constantly searching for new athletes to follow on <a href=\"https:\/\/www.strava.com\/athletes\/55050080\">Strava<\/a>.<\/p>\n\n\n\n<figure data-wp-context=\"{&quot;imageId&quot;:&quot;69f39dc86fa67&quot;}\" data-wp-interactive=\"core\/image\" data-wp-key=\"69f39dc86fa67\" class=\"wp-block-image size-large is-style-rounded is-style-rounded--2 wp-lightbox-container\"><img loading=\"lazy\" decoding=\"async\" width=\"900\" height=\"675\" data-wp-class--hide=\"state.isContentHidden\" data-wp-class--show=\"state.isContentVisible\" data-wp-init=\"callbacks.setButtonStyles\" data-wp-on--click=\"actions.showLightbox\" data-wp-on--load=\"callbacks.setButtonStyles\" data-wp-on-window--resize=\"callbacks.setButtonStyles\" src=\"https:\/\/buryskova.cz\/wp-content\/uploads\/2025\/01\/image-edited-2.png\" alt=\"\" class=\"wp-image-253\" style=\"object-fit:cover\" srcset=\"https:\/\/buryskova.cz\/wp-content\/uploads\/2025\/01\/image-edited-2.png 900w, https:\/\/buryskova.cz\/wp-content\/uploads\/2025\/01\/image-edited-2-300x225.png 300w, https:\/\/buryskova.cz\/wp-content\/uploads\/2025\/01\/image-edited-2-768x576.png 768w, https:\/\/buryskova.cz\/wp-content\/uploads\/2025\/01\/image-edited-2-500x375.png 500w, https:\/\/buryskova.cz\/wp-content\/uploads\/2025\/01\/image-edited-2-800x600.png 800w\" sizes=\"auto, (max-width: 900px) 100vw, 900px\" \/><button\n\t\t\tclass=\"lightbox-trigger\"\n\t\t\ttype=\"button\"\n\t\t\taria-haspopup=\"dialog\"\n\t\t\taria-label=\"Enlarge\"\n\t\t\tdata-wp-init=\"callbacks.initTriggerButton\"\n\t\t\tdata-wp-on--click=\"actions.showLightbox\"\n\t\t\tdata-wp-style--right=\"state.imageButtonRight\"\n\t\t\tdata-wp-style--top=\"state.imageButtonTop\"\n\t\t>\n\t\t\t<svg xmlns=\"http:\/\/www.w3.org\/2000\/svg\" width=\"12\" height=\"12\" fill=\"none\" viewbox=\"0 0 12 12\">\n\t\t\t\t<path fill=\"#fff\" d=\"M2 0a2 2 0 0 0-2 2v2h1.5V2a.5.5 0 0 1 .5-.5h2V0H2Zm2 10.5H2a.5.5 0 0 1-.5-.5V8H0v2a2 2 0 0 0 2 2h2v-1.5ZM8 12v-1.5h2a.5.5 0 0 0 .5-.5V8H12v2a2 2 0 0 1-2 2H8Zm2-12a2 2 0 0 1 2 2v2h-1.5V2a.5.5 0 0 0-.5-.5H8V0h2Z\" \/>\n\t\t\t<\/svg>\n\t\t<\/button><\/figure>\n<\/blockquote>\n\n\n\n<blockquote class=\"wp-block-quote is-layout-flow wp-block-quote-is-layout-flow\">\n<h3 class=\"wp-block-heading\">Music<\/h3>\n\n\n\n<p class=\"has-medium-font-size\">I play cello, bass guitar and occasionally also piano. Between 2012 and 2016, I was a cellist in <a href=\"https:\/\/www.facebook.com\/jabloneckykomorniorchestr?locale=cs_CZ\" data-type=\"link\" data-id=\"https:\/\/www.facebook.com\/jabloneckykomorniorchestr?locale=cs_CZ\">a local orchestra<\/a>, and you can hear me playing bass guitar in the theater play <a href=\"https:\/\/nastridacce.art\/hry-2\/nietzsche-is-dead\/\" data-type=\"link\" data-id=\"https:\/\/nastridacce.art\/hry-2\/nietzsche-is-dead\/\">Nietzsche is Dead<\/a>.<\/p>\n\n\n\n<p class=\"has-medium-font-size\">I would love to return to orchestral playing, so I'm open to any tips on ensembles looking for string section players.<\/p>\n\n\n\n<figure data-wp-context=\"{&quot;imageId&quot;:&quot;69f39dc870612&quot;}\" data-wp-interactive=\"core\/image\" data-wp-key=\"69f39dc870612\" class=\"wp-block-image size-large is-style-rounded is-style-rounded--3 wp-lightbox-container\"><img loading=\"lazy\" decoding=\"async\" width=\"1500\" height=\"1125\" data-wp-class--hide=\"state.isContentHidden\" data-wp-class--show=\"state.isContentVisible\" data-wp-init=\"callbacks.setButtonStyles\" data-wp-on--click=\"actions.showLightbox\" data-wp-on--load=\"callbacks.setButtonStyles\" data-wp-on-window--resize=\"callbacks.setButtonStyles\" src=\"https:\/\/buryskova.cz\/wp-content\/uploads\/2025\/01\/IMG-20241226-WA0000-edited-1.jpg\" alt=\"\" class=\"wp-image-255\" srcset=\"https:\/\/buryskova.cz\/wp-content\/uploads\/2025\/01\/IMG-20241226-WA0000-edited-1.jpg 1500w, https:\/\/buryskova.cz\/wp-content\/uploads\/2025\/01\/IMG-20241226-WA0000-edited-1-300x225.jpg 300w, https:\/\/buryskova.cz\/wp-content\/uploads\/2025\/01\/IMG-20241226-WA0000-edited-1-1024x768.jpg 1024w, https:\/\/buryskova.cz\/wp-content\/uploads\/2025\/01\/IMG-20241226-WA0000-edited-1-768x576.jpg 768w, https:\/\/buryskova.cz\/wp-content\/uploads\/2025\/01\/IMG-20241226-WA0000-edited-1-500x375.jpg 500w, https:\/\/buryskova.cz\/wp-content\/uploads\/2025\/01\/IMG-20241226-WA0000-edited-1-800x600.jpg 800w, https:\/\/buryskova.cz\/wp-content\/uploads\/2025\/01\/IMG-20241226-WA0000-edited-1-1280x960.jpg 1280w\" sizes=\"auto, (max-width: 1500px) 100vw, 1500px\" \/><button\n\t\t\tclass=\"lightbox-trigger\"\n\t\t\ttype=\"button\"\n\t\t\taria-haspopup=\"dialog\"\n\t\t\taria-label=\"Enlarge\"\n\t\t\tdata-wp-init=\"callbacks.initTriggerButton\"\n\t\t\tdata-wp-on--click=\"actions.showLightbox\"\n\t\t\tdata-wp-style--right=\"state.imageButtonRight\"\n\t\t\tdata-wp-style--top=\"state.imageButtonTop\"\n\t\t>\n\t\t\t<svg xmlns=\"http:\/\/www.w3.org\/2000\/svg\" width=\"12\" height=\"12\" fill=\"none\" viewbox=\"0 0 12 12\">\n\t\t\t\t<path fill=\"#fff\" d=\"M2 0a2 2 0 0 0-2 2v2h1.5V2a.5.5 0 0 1 .5-.5h2V0H2Zm2 10.5H2a.5.5 0 0 1-.5-.5V8H0v2a2 2 0 0 0 2 2h2v-1.5ZM8 12v-1.5h2a.5.5 0 0 0 .5-.5V8H12v2a2 2 0 0 1-2 2H8Zm2-12a2 2 0 0 1 2 2v2h-1.5V2a.5.5 0 0 0-.5-.5H8V0h2Z\" \/>\n\t\t\t<\/svg>\n\t\t<\/button><\/figure>\n<\/blockquote>","protected":false},"excerpt":{"rendered":"","protected":false},"author":1,"featured_media":0,"parent":0,"menu_order":0,"comment_status":"closed","ping_status":"closed","template":"","meta":{"footnotes":""},"class_list":["post-157","page","type-page","status-publish","hentry"],"yoast_head":"<!-- This site is optimized with the Yoast SEO plugin v24.3 - https:\/\/yoast.com\/wordpress\/plugins\/seo\/ -->\n<title>Tereza Bur\u00fd\u0161kov\u00e1<\/title>\n<meta name=\"robots\" content=\"index, follow, max-snippet:-1, max-image-preview:large, max-video-preview:-1\" \/>\n<link rel=\"canonical\" href=\"https:\/\/buryskova.cz\/en\/non-academic\/\" \/>\n<meta property=\"og:locale\" content=\"en_GB\" \/>\n<meta property=\"og:type\" content=\"article\" \/>\n<meta property=\"og:title\" content=\"Tereza Bur\u00fd\u0161kov\u00e1\" \/>\n<meta property=\"og:url\" content=\"https:\/\/buryskova.cz\/en\/non-academic\/\" \/>\n<meta property=\"og:site_name\" content=\"Tereza Bur\u00fd\u0161kov\u00e1\" \/>\n<meta property=\"article:modified_time\" content=\"2025-02-02T21:22:36+00:00\" \/>\n<meta property=\"og:image\" content=\"https:\/\/buryskova.cz\/wp-content\/uploads\/2025\/01\/309264767_700771691097883_4589508762674988614_n-1024x768.jpg\" \/>\n<meta name=\"twitter:card\" content=\"summary_large_image\" \/>\n<meta name=\"twitter:label1\" content=\"Estimated reading time\" \/>\n\t<meta name=\"twitter:data1\" content=\"1 minute\" \/>\n<script type=\"application\/ld+json\" class=\"yoast-schema-graph\">{\"@context\":\"https:\/\/schema.org\",\"@graph\":[{\"@type\":\"WebPage\",\"@id\":\"https:\/\/buryskova.cz\/cz\/non-academic\/\",\"url\":\"https:\/\/buryskova.cz\/cz\/non-academic\/\",\"name\":\"Tereza Bur\u00fd\u0161kov\u00e1\",\"isPartOf\":{\"@id\":\"https:\/\/buryskova.cz\/cz\/#website\"},\"primaryImageOfPage\":{\"@id\":\"https:\/\/buryskova.cz\/cz\/non-academic\/#primaryimage\"},\"image\":{\"@id\":\"https:\/\/buryskova.cz\/cz\/non-academic\/#primaryimage\"},\"thumbnailUrl\":\"https:\/\/buryskova.cz\/wp-content\/uploads\/2025\/01\/309264767_700771691097883_4589508762674988614_n-1024x768.jpg\",\"datePublished\":\"2025-01-20T15:59:08+00:00\",\"dateModified\":\"2025-02-02T21:22:36+00:00\",\"breadcrumb\":{\"@id\":\"https:\/\/buryskova.cz\/cz\/non-academic\/#breadcrumb\"},\"inLanguage\":\"en-GB\",\"potentialAction\":[{\"@type\":\"ReadAction\",\"target\":[\"https:\/\/buryskova.cz\/cz\/non-academic\/\"]}]},{\"@type\":\"ImageObject\",\"inLanguage\":\"en-GB\",\"@id\":\"https:\/\/buryskova.cz\/cz\/non-academic\/#primaryimage\",\"url\":\"https:\/\/buryskova.cz\/wp-content\/uploads\/2025\/01\/309264767_700771691097883_4589508762674988614_n-1024x768.jpg\",\"contentUrl\":\"https:\/\/buryskova.cz\/wp-content\/uploads\/2025\/01\/309264767_700771691097883_4589508762674988614_n-1024x768.jpg\"},{\"@type\":\"BreadcrumbList\",\"@id\":\"https:\/\/buryskova.cz\/cz\/non-academic\/#breadcrumb\",\"itemListElement\":[{\"@type\":\"ListItem\",\"position\":1,\"name\":\"Dom\u016f\",\"item\":\"https:\/\/buryskova.cz\/cz\/\"},{\"@type\":\"ListItem\",\"position\":2,\"name\":\"Neakademick\u00e9 z\u00e1jmy\"}]},{\"@type\":\"WebSite\",\"@id\":\"https:\/\/buryskova.cz\/cz\/#website\",\"url\":\"https:\/\/buryskova.cz\/cz\/\",\"name\":\"Tereza Bur\u00fd\u0161kov\u00e1\",\"description\":\"Akademick\u00e9 str\u00e1nky\",\"potentialAction\":[{\"@type\":\"SearchAction\",\"target\":{\"@type\":\"EntryPoint\",\"urlTemplate\":\"https:\/\/buryskova.cz\/cz\/?s={search_term_string}\"},\"query-input\":{\"@type\":\"PropertyValueSpecification\",\"valueRequired\":true,\"valueName\":\"search_term_string\"}}],\"inLanguage\":\"en-GB\"}]}<\/script>\n<!-- \/ Yoast SEO plugin. -->","yoast_head_json":{"title":"Tereza Bur\u00fd\u0161kov\u00e1","robots":{"index":"index","follow":"follow","max-snippet":"max-snippet:-1","max-image-preview":"max-image-preview:large","max-video-preview":"max-video-preview:-1"},"canonical":"https:\/\/buryskova.cz\/en\/non-academic\/","og_locale":"en_GB","og_type":"article","og_title":"Tereza Bur\u00fd\u0161kov\u00e1","og_url":"https:\/\/buryskova.cz\/en\/non-academic\/","og_site_name":"Tereza Bur\u00fd\u0161kov\u00e1","article_modified_time":"2025-02-02T21:22:36+00:00","og_image":[{"url":"https:\/\/buryskova.cz\/wp-content\/uploads\/2025\/01\/309264767_700771691097883_4589508762674988614_n-1024x768.jpg","type":"","width":"","height":""}],"twitter_card":"summary_large_image","twitter_misc":{"Estimated reading time":"1 minute"},"schema":{"@context":"https:\/\/schema.org","@graph":[{"@type":"WebPage","@id":"https:\/\/buryskova.cz\/cz\/non-academic\/","url":"https:\/\/buryskova.cz\/cz\/non-academic\/","name":"Tereza Bur\u00fd\u0161kov\u00e1","isPartOf":{"@id":"https:\/\/buryskova.cz\/cz\/#website"},"primaryImageOfPage":{"@id":"https:\/\/buryskova.cz\/cz\/non-academic\/#primaryimage"},"image":{"@id":"https:\/\/buryskova.cz\/cz\/non-academic\/#primaryimage"},"thumbnailUrl":"https:\/\/buryskova.cz\/wp-content\/uploads\/2025\/01\/309264767_700771691097883_4589508762674988614_n-1024x768.jpg","datePublished":"2025-01-20T15:59:08+00:00","dateModified":"2025-02-02T21:22:36+00:00","breadcrumb":{"@id":"https:\/\/buryskova.cz\/cz\/non-academic\/#breadcrumb"},"inLanguage":"en-GB","potentialAction":[{"@type":"ReadAction","target":["https:\/\/buryskova.cz\/cz\/non-academic\/"]}]},{"@type":"ImageObject","inLanguage":"en-GB","@id":"https:\/\/buryskova.cz\/cz\/non-academic\/#primaryimage","url":"https:\/\/buryskova.cz\/wp-content\/uploads\/2025\/01\/309264767_700771691097883_4589508762674988614_n-1024x768.jpg","contentUrl":"https:\/\/buryskova.cz\/wp-content\/uploads\/2025\/01\/309264767_700771691097883_4589508762674988614_n-1024x768.jpg"},{"@type":"BreadcrumbList","@id":"https:\/\/buryskova.cz\/cz\/non-academic\/#breadcrumb","itemListElement":[{"@type":"ListItem","position":1,"name":"Dom\u016f","item":"https:\/\/buryskova.cz\/cz\/"},{"@type":"ListItem","position":2,"name":"Neakademick\u00e9 z\u00e1jmy"}]},{"@type":"WebSite","@id":"https:\/\/buryskova.cz\/cz\/#website","url":"https:\/\/buryskova.cz\/cz\/","name":"Tereza Bur\u00fd\u0161kov\u00e1","description":"Akademick\u00e9 str\u00e1nky","potentialAction":[{"@type":"SearchAction","target":{"@type":"EntryPoint","urlTemplate":"https:\/\/buryskova.cz\/cz\/?s={search_term_string}"},"query-input":{"@type":"PropertyValueSpecification","valueRequired":true,"valueName":"search_term_string"}}],"inLanguage":"en-GB"}]}},"_links":{"self":[{"href":"https:\/\/buryskova.cz\/en\/wp-json\/wp\/v2\/pages\/157","targetHints":{"allow":["GET"]}}],"collection":[{"href":"https:\/\/buryskova.cz\/en\/wp-json\/wp\/v2\/pages"}],"about":[{"href":"https:\/\/buryskova.cz\/en\/wp-json\/wp\/v2\/types\/page"}],"author":[{"embeddable":true,"href":"https:\/\/buryskova.cz\/en\/wp-json\/wp\/v2\/users\/1"}],"replies":[{"embeddable":true,"href":"https:\/\/buryskova.cz\/en\/wp-json\/wp\/v2\/comments?post=157"}],"version-history":[{"count":9,"href":"https:\/\/buryskova.cz\/en\/wp-json\/wp\/v2\/pages\/157\/revisions"}],"predecessor-version":[{"id":315,"href":"https:\/\/buryskova.cz\/en\/wp-json\/wp\/v2\/pages\/157\/revisions\/315"}],"wp:attachment":[{"href":"https:\/\/buryskova.cz\/en\/wp-json\/wp\/v2\/media?parent=157"}],"curies":[{"name":"wp","href":"https:\/\/api.w.org\/{rel}","templated":true}]}}