{"id":153,"date":"2025-01-20T16:40:27","date_gmt":"2025-01-20T15:40:27","guid":{"rendered":"https:\/\/buryskova.cz\/?page_id=153"},"modified":"2026-01-30T08:56:06","modified_gmt":"2026-01-30T07:56:06","slug":"teaching","status":"publish","type":"page","link":"https:\/\/buryskova.cz\/en\/teaching\/","title":{"rendered":"Teaching"},"content":{"rendered":"<h2 class=\"wp-block-heading has-text-align-right has-x-large-font-size\">CERGE-EI<\/h2>\n\n\n\n<blockquote class=\"wp-block-quote is-layout-flow wp-block-quote-is-layout-flow\">\n<p>Principles of Economics I<\/p>\n\n\n\n<p class=\"has-medium-font-size\"><em>Fall 2025<\/em><\/p>\n\n\n\n<figure class=\"wp-block-image size-full\"><img loading=\"lazy\" decoding=\"async\" width=\"910\" height=\"440\" src=\"https:\/\/buryskova.cz\/wp-content\/uploads\/2025\/12\/image.png\" alt=\"\" class=\"wp-image-498\" srcset=\"https:\/\/buryskova.cz\/wp-content\/uploads\/2025\/12\/image.png 910w, https:\/\/buryskova.cz\/wp-content\/uploads\/2025\/12\/image-300x145.png 300w, https:\/\/buryskova.cz\/wp-content\/uploads\/2025\/12\/image-768x371.png 768w, https:\/\/buryskova.cz\/wp-content\/uploads\/2025\/12\/image-18x9.png 18w, https:\/\/buryskova.cz\/wp-content\/uploads\/2025\/12\/image-500x242.png 500w, https:\/\/buryskova.cz\/wp-content\/uploads\/2025\/12\/image-800x387.png 800w\" sizes=\"auto, (max-width: 910px) 100vw, 910px\" \/><\/figure>\n\n\n\n<p class=\"has-medium-font-size\"><a href=\"https:\/\/drive.google.com\/drive\/folders\/1NyX9LF7F6nzxUnw9LQgW1Llej44p5BcS?usp=sharing\" target=\"_blank\" rel=\"noreferrer noopener\">Student material<\/a><\/p>\n\n\n\n<p class=\"has-medium-font-size\">TA to Filip Mat\u011bjka<\/p>\n\n\n\n<p class=\"has-medium-font-size\">Economics of Markets and Organizations - a joint BA program of CERGE-EI and V\u0160E.<\/p>\n\n\n\n<h3 class=\"wp-block-heading\">Econometrics I, PhD<\/h3>\n\n\n\n<h4 class=\"wp-block-heading has-medium-font-size\">Spring 2024<\/h4>\n\n\n\n<figure class=\"wp-block-image size-full is-style-rounded wp-duotone-unset-2 is-style-rounded--1\" style=\"margin-bottom:var(--wp--preset--spacing--20)\"><img loading=\"lazy\" decoding=\"async\" width=\"822\" height=\"393\" src=\"https:\/\/buryskova.cz\/wp-content\/uploads\/2025\/01\/image-7.png\" alt=\"\" class=\"wp-image-187\" srcset=\"https:\/\/buryskova.cz\/wp-content\/uploads\/2025\/01\/image-7.png 822w, https:\/\/buryskova.cz\/wp-content\/uploads\/2025\/01\/image-7-300x143.png 300w, https:\/\/buryskova.cz\/wp-content\/uploads\/2025\/01\/image-7-768x367.png 768w, https:\/\/buryskova.cz\/wp-content\/uploads\/2025\/01\/image-7-500x239.png 500w, https:\/\/buryskova.cz\/wp-content\/uploads\/2025\/01\/image-7-800x382.png 800w\" sizes=\"auto, (max-width: 822px) 100vw, 822px\" \/><\/figure>\n\n\n\n<p class=\"has-medium-font-size\"><a href=\"https:\/\/drive.google.com\/drive\/folders\/1SZS2WM1t2z4fZf4u2dHNdNyvOAzc3bPo\">Student material<\/a><\/p>\n\n\n\n<p class=\"has-medium-font-size\">TA to Stanislav Anatolyev<\/p>\n<\/blockquote>\n\n\n\n<h2 class=\"wp-block-heading has-text-align-right has-x-large-font-size\">Faculty of Civil Engineering, Czech Technical University<\/h2>\n\n\n\n<blockquote class=\"wp-block-quote is-layout-flow wp-block-quote-is-layout-flow\">\n<h3 class=\"wp-block-heading\">Mathematics 1, 1A (Czech only)<\/h3>\n\n\n\n<h4 class=\"wp-block-heading has-medium-font-size\">Fall 2021<\/h4>\n\n\n\n<figure class=\"wp-block-image size-full is-style-rounded is-style-rounded--3\" style=\"margin-bottom:var(--wp--preset--spacing--20)\"><img loading=\"lazy\" decoding=\"async\" width=\"902\" height=\"276\" src=\"https:\/\/buryskova.cz\/wp-content\/uploads\/2025\/01\/image-8.png\" alt=\"\" class=\"wp-image-189\" srcset=\"https:\/\/buryskova.cz\/wp-content\/uploads\/2025\/01\/image-8.png 902w, https:\/\/buryskova.cz\/wp-content\/uploads\/2025\/01\/image-8-300x92.png 300w, https:\/\/buryskova.cz\/wp-content\/uploads\/2025\/01\/image-8-768x235.png 768w, https:\/\/buryskova.cz\/wp-content\/uploads\/2025\/01\/image-8-500x153.png 500w, https:\/\/buryskova.cz\/wp-content\/uploads\/2025\/01\/image-8-800x245.png 800w\" sizes=\"auto, (max-width: 902px) 100vw, 902px\" \/><\/figure>\n\n\n\n<p class=\"has-medium-font-size\"><a href=\"https:\/\/drive.google.com\/drive\/folders\/1Wo0KZo0KB6f_LYrbTqOeU7y93U1j9N99\">Student material<\/a><\/p>\n<\/blockquote>\n\n\n\n<h2 class=\"wp-block-heading has-text-align-right has-x-large-font-size\">Other courses (non-academic)<\/h2>\n\n\n\n<blockquote class=\"wp-block-quote is-layout-flow wp-block-quote-is-layout-flow\">\n<h3 class=\"wp-block-heading\">Summer of Mercy<\/h3>\n\n\n\n<h4 class=\"wp-block-heading has-medium-font-size\">Zima 2021\/Podzim 2022<\/h4>\n\n\n\n<figure class=\"wp-block-image size-large is-style-rounded is-style-rounded--4\" style=\"margin-bottom:var(--wp--preset--spacing--20)\"><img loading=\"lazy\" decoding=\"async\" width=\"1024\" height=\"432\" src=\"https:\/\/buryskova.cz\/wp-content\/uploads\/2025\/01\/image-9-1024x432.png\" alt=\"\" class=\"wp-image-190\" srcset=\"https:\/\/buryskova.cz\/wp-content\/uploads\/2025\/01\/image-9-1024x432.png 1024w, https:\/\/buryskova.cz\/wp-content\/uploads\/2025\/01\/image-9-300x127.png 300w, https:\/\/buryskova.cz\/wp-content\/uploads\/2025\/01\/image-9-768x324.png 768w, https:\/\/buryskova.cz\/wp-content\/uploads\/2025\/01\/image-9-500x211.png 500w, https:\/\/buryskova.cz\/wp-content\/uploads\/2025\/01\/image-9-800x338.png 800w, https:\/\/buryskova.cz\/wp-content\/uploads\/2025\/01\/image-9.png 1177w\" sizes=\"auto, (max-width: 1024px) 100vw, 1024px\" \/><\/figure>\n\n\n\n<p class=\"has-medium-font-size\"><a href=\"https:\/\/docs.google.com\/presentation\/d\/1p3SJOt7jRyS0_J3a2LOIfCWU5xfN_RrqldS3eM2Ya74\/edit?usp=sharing\" data-type=\"link\" data-id=\"https:\/\/docs.google.com\/presentation\/d\/1p3SJOt7jRyS0_J3a2LOIfCWU5xfN_RrqldS3eM2Ya74\/edit?usp=sharing\">Slides<\/a> (Czech only)<\/p>\n\n\n\n<p class=\"has-medium-font-size\">Between 2020 and 2023, the Czech Republic held a unique initiative called \u201cSummer of Mercy\u201d allowing debtors in enforcement proceedings (representing about a tenth of the Czech population) to eliminate a significant portion of their debts. In collaboration with the organization Street Law, I organized a workshop\u2014first for the residents of Rychnov u Jablonce nad Nisou and later for high school students. The workshops covered not only practical aspects of Merciful Summer but also enforcement proceedings and related legal fields. <\/p>\n<\/blockquote>\n\n\n\n<blockquote class=\"wp-block-quote is-layout-flow wp-block-quote-is-layout-flow\">\n<h3 class=\"wp-block-heading\">Preparation for the high school admission exams in Mathematics<\/h3>\n\n\n\n<h4 class=\"wp-block-heading has-medium-font-size\">Spring 2020<\/h4>\n\n\n\n<figure class=\"wp-block-image size-large is-style-rounded is-style-rounded--5\" style=\"margin-bottom:var(--wp--preset--spacing--20)\"><img loading=\"lazy\" decoding=\"async\" width=\"1024\" height=\"283\" src=\"https:\/\/buryskova.cz\/wp-content\/uploads\/2025\/01\/image-10-1024x283.png\" alt=\"\" class=\"wp-image-191\" srcset=\"https:\/\/buryskova.cz\/wp-content\/uploads\/2025\/01\/image-10-1024x283.png 1024w, https:\/\/buryskova.cz\/wp-content\/uploads\/2025\/01\/image-10-300x83.png 300w, https:\/\/buryskova.cz\/wp-content\/uploads\/2025\/01\/image-10-768x212.png 768w, https:\/\/buryskova.cz\/wp-content\/uploads\/2025\/01\/image-10-500x138.png 500w, https:\/\/buryskova.cz\/wp-content\/uploads\/2025\/01\/image-10-800x221.png 800w, https:\/\/buryskova.cz\/wp-content\/uploads\/2025\/01\/image-10.png 1202w\" sizes=\"auto, (max-width: 1024px) 100vw, 1024px\" \/><\/figure>\n\n\n\n<p class=\"has-medium-font-size\">I lead an online course (10 interactive lessons) for ninth-grade students who lost opportunities to properly prepare for their entrance exams during the COVID-19 pandemic. <\/p>\n<\/blockquote>","protected":false},"excerpt":{"rendered":"<p>CERGE-EI Fakulta stavebn\u00ed \u010cVUT Jin\u00e9 kurzy (neakademick\u00e9)<\/p>","protected":false},"author":1,"featured_media":0,"parent":0,"menu_order":0,"comment_status":"closed","ping_status":"closed","template":"","meta":{"footnotes":""},"class_list":["post-153","page","type-page","status-publish","hentry"],"yoast_head":"<!-- This site is optimized with the Yoast SEO plugin v24.3 - https:\/\/yoast.com\/wordpress\/plugins\/seo\/ -->\n<title>Tereza Bur\u00fd\u0161kov\u00e1<\/title>\n<meta name=\"robots\" content=\"index, follow, max-snippet:-1, max-image-preview:large, max-video-preview:-1\" \/>\n<link rel=\"canonical\" href=\"https:\/\/buryskova.cz\/en\/teaching\/\" \/>\n<meta property=\"og:locale\" content=\"en_GB\" \/>\n<meta property=\"og:type\" content=\"article\" \/>\n<meta property=\"og:title\" content=\"Tereza Bur\u00fd\u0161kov\u00e1\" \/>\n<meta property=\"og:description\" content=\"CERGE-EI Fakulta stavebn\u00ed \u010cVUT Jin\u00e9 kurzy (neakademick\u00e9)\" \/>\n<meta property=\"og:url\" content=\"https:\/\/buryskova.cz\/en\/teaching\/\" \/>\n<meta property=\"og:site_name\" content=\"Tereza Bur\u00fd\u0161kov\u00e1\" \/>\n<meta property=\"article:modified_time\" content=\"2026-01-30T07:56:06+00:00\" \/>\n<meta property=\"og:image\" content=\"https:\/\/buryskova.cz\/wp-content\/uploads\/2025\/12\/image.png\" \/>\n<meta name=\"twitter:card\" content=\"summary_large_image\" \/>\n<meta name=\"twitter:label1\" content=\"Estimated reading time\" \/>\n\t<meta name=\"twitter:data1\" content=\"1 minute\" \/>\n<script type=\"application\/ld+json\" class=\"yoast-schema-graph\">{\"@context\":\"https:\/\/schema.org\",\"@graph\":[{\"@type\":\"WebPage\",\"@id\":\"https:\/\/buryskova.cz\/cz\/teaching\/\",\"url\":\"https:\/\/buryskova.cz\/cz\/teaching\/\",\"name\":\"Tereza Bur\u00fd\u0161kov\u00e1\",\"isPartOf\":{\"@id\":\"https:\/\/buryskova.cz\/cz\/#website\"},\"primaryImageOfPage\":{\"@id\":\"https:\/\/buryskova.cz\/cz\/teaching\/#primaryimage\"},\"image\":{\"@id\":\"https:\/\/buryskova.cz\/cz\/teaching\/#primaryimage\"},\"thumbnailUrl\":\"https:\/\/buryskova.cz\/wp-content\/uploads\/2025\/12\/image.png\",\"datePublished\":\"2025-01-20T15:40:27+00:00\",\"dateModified\":\"2026-01-30T07:56:06+00:00\",\"breadcrumb\":{\"@id\":\"https:\/\/buryskova.cz\/cz\/teaching\/#breadcrumb\"},\"inLanguage\":\"en-GB\",\"potentialAction\":[{\"@type\":\"ReadAction\",\"target\":[\"https:\/\/buryskova.cz\/cz\/teaching\/\"]}]},{\"@type\":\"ImageObject\",\"inLanguage\":\"en-GB\",\"@id\":\"https:\/\/buryskova.cz\/cz\/teaching\/#primaryimage\",\"url\":\"https:\/\/buryskova.cz\/wp-content\/uploads\/2025\/12\/image.png\",\"contentUrl\":\"https:\/\/buryskova.cz\/wp-content\/uploads\/2025\/12\/image.png\"},{\"@type\":\"BreadcrumbList\",\"@id\":\"https:\/\/buryskova.cz\/cz\/teaching\/#breadcrumb\",\"itemListElement\":[{\"@type\":\"ListItem\",\"position\":1,\"name\":\"Dom\u016f\",\"item\":\"https:\/\/buryskova.cz\/cz\/\"},{\"@type\":\"ListItem\",\"position\":2,\"name\":\"V\u00fduka\"}]},{\"@type\":\"WebSite\",\"@id\":\"https:\/\/buryskova.cz\/cz\/#website\",\"url\":\"https:\/\/buryskova.cz\/cz\/\",\"name\":\"Tereza Bur\u00fd\u0161kov\u00e1\",\"description\":\"Akademick\u00e9 str\u00e1nky\",\"potentialAction\":[{\"@type\":\"SearchAction\",\"target\":{\"@type\":\"EntryPoint\",\"urlTemplate\":\"https:\/\/buryskova.cz\/cz\/?s={search_term_string}\"},\"query-input\":{\"@type\":\"PropertyValueSpecification\",\"valueRequired\":true,\"valueName\":\"search_term_string\"}}],\"inLanguage\":\"en-GB\"}]}<\/script>\n<!-- \/ Yoast SEO plugin. -->","yoast_head_json":{"title":"Tereza Bur\u00fd\u0161kov\u00e1","robots":{"index":"index","follow":"follow","max-snippet":"max-snippet:-1","max-image-preview":"max-image-preview:large","max-video-preview":"max-video-preview:-1"},"canonical":"https:\/\/buryskova.cz\/en\/teaching\/","og_locale":"en_GB","og_type":"article","og_title":"Tereza Bur\u00fd\u0161kov\u00e1","og_description":"CERGE-EI Fakulta stavebn\u00ed \u010cVUT Jin\u00e9 kurzy (neakademick\u00e9)","og_url":"https:\/\/buryskova.cz\/en\/teaching\/","og_site_name":"Tereza Bur\u00fd\u0161kov\u00e1","article_modified_time":"2026-01-30T07:56:06+00:00","og_image":[{"url":"https:\/\/buryskova.cz\/wp-content\/uploads\/2025\/12\/image.png","type":"","width":"","height":""}],"twitter_card":"summary_large_image","twitter_misc":{"Estimated reading time":"1 minute"},"schema":{"@context":"https:\/\/schema.org","@graph":[{"@type":"WebPage","@id":"https:\/\/buryskova.cz\/cz\/teaching\/","url":"https:\/\/buryskova.cz\/cz\/teaching\/","name":"Tereza Bur\u00fd\u0161kov\u00e1","isPartOf":{"@id":"https:\/\/buryskova.cz\/cz\/#website"},"primaryImageOfPage":{"@id":"https:\/\/buryskova.cz\/cz\/teaching\/#primaryimage"},"image":{"@id":"https:\/\/buryskova.cz\/cz\/teaching\/#primaryimage"},"thumbnailUrl":"https:\/\/buryskova.cz\/wp-content\/uploads\/2025\/12\/image.png","datePublished":"2025-01-20T15:40:27+00:00","dateModified":"2026-01-30T07:56:06+00:00","breadcrumb":{"@id":"https:\/\/buryskova.cz\/cz\/teaching\/#breadcrumb"},"inLanguage":"en-GB","potentialAction":[{"@type":"ReadAction","target":["https:\/\/buryskova.cz\/cz\/teaching\/"]}]},{"@type":"ImageObject","inLanguage":"en-GB","@id":"https:\/\/buryskova.cz\/cz\/teaching\/#primaryimage","url":"https:\/\/buryskova.cz\/wp-content\/uploads\/2025\/12\/image.png","contentUrl":"https:\/\/buryskova.cz\/wp-content\/uploads\/2025\/12\/image.png"},{"@type":"BreadcrumbList","@id":"https:\/\/buryskova.cz\/cz\/teaching\/#breadcrumb","itemListElement":[{"@type":"ListItem","position":1,"name":"Dom\u016f","item":"https:\/\/buryskova.cz\/cz\/"},{"@type":"ListItem","position":2,"name":"V\u00fduka"}]},{"@type":"WebSite","@id":"https:\/\/buryskova.cz\/cz\/#website","url":"https:\/\/buryskova.cz\/cz\/","name":"Tereza Bur\u00fd\u0161kov\u00e1","description":"Akademick\u00e9 str\u00e1nky","potentialAction":[{"@type":"SearchAction","target":{"@type":"EntryPoint","urlTemplate":"https:\/\/buryskova.cz\/cz\/?s={search_term_string}"},"query-input":{"@type":"PropertyValueSpecification","valueRequired":true,"valueName":"search_term_string"}}],"inLanguage":"en-GB"}]}},"_links":{"self":[{"href":"https:\/\/buryskova.cz\/en\/wp-json\/wp\/v2\/pages\/153","targetHints":{"allow":["GET"]}}],"collection":[{"href":"https:\/\/buryskova.cz\/en\/wp-json\/wp\/v2\/pages"}],"about":[{"href":"https:\/\/buryskova.cz\/en\/wp-json\/wp\/v2\/types\/page"}],"author":[{"embeddable":true,"href":"https:\/\/buryskova.cz\/en\/wp-json\/wp\/v2\/users\/1"}],"replies":[{"embeddable":true,"href":"https:\/\/buryskova.cz\/en\/wp-json\/wp\/v2\/comments?post=153"}],"version-history":[{"count":10,"href":"https:\/\/buryskova.cz\/en\/wp-json\/wp\/v2\/pages\/153\/revisions"}],"predecessor-version":[{"id":500,"href":"https:\/\/buryskova.cz\/en\/wp-json\/wp\/v2\/pages\/153\/revisions\/500"}],"wp:attachment":[{"href":"https:\/\/buryskova.cz\/en\/wp-json\/wp\/v2\/media?parent=153"}],"curies":[{"name":"wp","href":"https:\/\/api.w.org\/{rel}","templated":true}]}}