{"id":2,"date":"2024-11-16T00:21:17","date_gmt":"2024-11-15T23:21:17","guid":{"rendered":"http:\/\/buryskova.cz\/?page_id=2"},"modified":"2026-04-23T10:28:51","modified_gmt":"2026-04-23T08:28:51","slug":"research","status":"publish","type":"page","link":"https:\/\/buryskova.cz\/cz\/research\/","title":{"rendered":"V\u00fdzkum"},"content":{"rendered":"\n<h2 class=\"wp-block-heading has-text-align-right\">Rozpracovan\u00e9 \u010dl\u00e1nky<\/h2>\n\n\n\n<blockquote class=\"wp-block-quote is-layout-flow wp-block-quote-is-layout-flow\">\n<h3 class=\"wp-block-heading\">Neutral News as a Bridge to Broader Opinion Exposure<\/h3>\n\n\n\n<h4 class=\"wp-block-heading\">Vyv\u00e1\u017een\u00e1 m\u00e9dia jako cesta k opa\u010dn\u00fdm n\u00e1zor\u016fm<\/h4>\n\n\n\n<div class=\"wp-block-group has-global-padding is-layout-constrained wp-block-group-is-layout-constrained\">\n<p class=\"has-medium-font-size\"><a href=\"http:\/\/buryskova.cz\/wp-content\/uploads\/2026\/04\/Distorting_Attention__Platform_Design__Market_Complexity__and_the_Balance_Between_Advertising_and_Fees-10.pdf\" target=\"_blank\" rel=\"noreferrer noopener\">\ud83d\uddce \u010c\u00edst cel\u00fd \u010dl\u00e1nek<\/a><\/p>\n\n\n\n<figure class=\"wp-block-image aligncenter size-full is-resized is-style-rounded wp-duotone-unset-2 is-style-rounded--1\"><img loading=\"lazy\" decoding=\"async\" width=\"655\" height=\"513\" src=\"https:\/\/buryskova.cz\/wp-content\/uploads\/2025\/04\/Media.png\" alt=\"\" class=\"wp-image-419\" style=\"width:395px;height:auto\" srcset=\"https:\/\/buryskova.cz\/wp-content\/uploads\/2025\/04\/Media.png 655w, https:\/\/buryskova.cz\/wp-content\/uploads\/2025\/04\/Media-300x235.png 300w, https:\/\/buryskova.cz\/wp-content\/uploads\/2025\/04\/Media-15x12.png 15w, https:\/\/buryskova.cz\/wp-content\/uploads\/2025\/04\/Media-500x392.png 500w\" sizes=\"auto, (max-width: 655px) 100vw, 655px\" \/><\/figure>\n\n\n\n<p class=\"has-medium-font-size\">Tento \u010dl\u00e1nek zkoum\u00e1, jak jednotlivci s rozd\u011bluj\u00ed svou pozornost mezi neutr\u00e1ln\u00ed a zaujat\u00e9 zpravodajsk\u00e9 zdroje. Vyv\u00edj\u00edm model, v n\u011bm\u017e si akt\u00e9\u0159i racion\u00e1ln\u011b vol\u00ed portfolio medi\u00e1ln\u00edch zdroj\u016f, aby se dozv\u011bd\u011bli v\u00edce o nejist\u00e9m stavu sv\u011bta. Zat\u00edmco konfirma\u010dn\u00ed zkreslen\u00ed se objevuje jako v\u00fdchoz\u00ed v\u00fdsledek v p\u0159\u00edpad\u011b, \u017ee jsou k dispozici pouze zaujat\u00e9 zdroje, p\u0159\u00edtomnost dostate\u010dn\u011b p\u0159esn\u00e9ho neutr\u00e1ln\u00edho zdroje z\u00e1sadn\u011b m\u011bn\u00ed optim\u00e1ln\u00ed zp\u016fsob z\u00edsk\u00e1v\u00e1n\u00ed informac\u00ed. Neutr\u00e1ln\u00ed zdroje nejen zm\u00edr\u0148uj\u00ed p\u0159esv\u011bd\u010den\u00ed, ale tak\u00e9 p\u0159etv\u00e1\u0159ej\u00ed informa\u010dn\u00ed hodnotu zaujat\u00fdch kan\u00e1l\u016f. Zejm\u00e9na akt\u00e9\u0159i se slab\u00fdmi n\u00e1zory mohou optim\u00e1ln\u011b kombinovat neutr\u00e1ln\u00ed zdroje se zdroji, kter\u00e9 jsou v rozporu s jejich p\u0159edchoz\u00edmi n\u00e1zory. Toto portfolio vyu\u017e\u00edv\u00e1 asymetrickou komplementaritu mezi spolehlivou neutr\u00e1ln\u00ed informac\u00ed a mo\u017enost\u00ed okam\u017eit\u00e9ho roz\u0159e\u0161en\u00ed nejistoty, kterou poskytuj\u00ed protich\u016fdn\u00e9 zdroje, co\u017e vede ve vznik siln\u00fdch p\u0159esv\u011bd\u010den\u00ed, ani\u017e by byla nutn\u00e1 jak\u00e1koli vnit\u0159n\u00ed preference pro nesouhlas.<\/p>\n<\/div>\n<\/blockquote>\n\n\n\n<blockquote class=\"wp-block-quote is-layout-flow wp-block-quote-is-layout-flow\">\n<h3 class=\"wp-block-heading\">Distorting Attention: Platform Design, Market Complexity, and the Balance Between Advertising and Fees<\/h3>\n\n\n\n<h4 class=\"wp-block-heading\">Cena pozornosti na online platform\u00e1ch<\/h4>\n\n\n\n<p class=\"has-medium-font-size\"><a href=\"http:\/\/buryskova.cz\/wp-content\/uploads\/2026\/03\/Distorting_Attention__Platform_Design__Market_Complexity__and_the_Balance_Between_Advertising_and_Fees-4.pdf\" target=\"_blank\" rel=\"noreferrer noopener\">\ud83d\uddce \u010c\u00edst cel\u00fd \u010dl\u00e1nek<\/a><\/p>\n\n\n\n<figure class=\"wp-block-image size-large\"><img loading=\"lazy\" decoding=\"async\" width=\"1024\" height=\"636\" src=\"https:\/\/buryskova.cz\/wp-content\/uploads\/2026\/04\/image-4-1024x636.png\" alt=\"\" class=\"wp-image-555\" srcset=\"https:\/\/buryskova.cz\/wp-content\/uploads\/2026\/04\/image-4-1024x636.png 1024w, https:\/\/buryskova.cz\/wp-content\/uploads\/2026\/04\/image-4-300x186.png 300w, https:\/\/buryskova.cz\/wp-content\/uploads\/2026\/04\/image-4-768x477.png 768w, https:\/\/buryskova.cz\/wp-content\/uploads\/2026\/04\/image-4-18x12.png 18w, https:\/\/buryskova.cz\/wp-content\/uploads\/2026\/04\/image-4-500x311.png 500w, https:\/\/buryskova.cz\/wp-content\/uploads\/2026\/04\/image-4-800x497.png 800w, https:\/\/buryskova.cz\/wp-content\/uploads\/2026\/04\/image-4.png 1072w\" sizes=\"auto, (max-width: 1024px) 100vw, 1024px\" \/><\/figure>\n\n\n\n<p class=\"has-medium-font-size\">Dne\u0161n\u00ed digit\u00e1ln\u00ed tr\u017ei\u0161t\u011b ovl\u00e1daj\u00ed nejen strukturu poplatk\u016f, ale i informa\u010dn\u00ed toky. Tento \u010dl\u00e1nek popisuje platformu, je\u017e sou\u010dasn\u011b optimalizuje dva zdroje p\u0159\u00edjm\u016f: transak\u010dn\u00ed poplatek a monetizaci pozornosti u\u017eivatel\u016f. Kupuj\u00edc\u00ed modeluji jako racion\u00e1ln\u011b nepozorn\u00e9 akt\u00e9ry, kte\u0159\u00ed strategicky alokuj\u00ed omezen\u00e9 kognitivn\u00ed zdroje k z\u00edsk\u00e1v\u00e1n\u00ed informac\u00ed o kvalit\u011b produktu. Platforma \u010del\u00ed z\u00e1sadn\u00edmu kompromisu: zv\u00fd\u0161en\u00ed n\u00e1klad\u016f na informace (ceny pozornosti) prost\u0159ednictv\u00edm reklamn\u00ed z\u00e1t\u011b\u017ee m\u016f\u017ee zv\u00fd\u0161it okam\u017eit\u00e9 p\u0159\u00edjmy a zabr\u00e1nit tomu, aby kupuj\u00edc\u00ed odm\u00edtali n\u00edzkokvalitn\u00ed produkty, z\u00e1rove\u0148 v\u0161ak m\u016f\u017ee \u201ezaml\u017eovat\u201c trh, odrazovat od vyhled\u00e1v\u00e1n\u00ed a sni\u017eovat p\u0159\u00edjmy z transak\u010dn\u00edch poplatk\u016f. <\/p>\n<\/blockquote>\n\n\n\n<blockquote class=\"wp-block-quote is-layout-flow wp-block-quote-is-layout-flow\">\n<h3 class=\"wp-block-heading\">Why No Tomorrow? Cognitive Costs, Beliefs, and Failure to Plan<\/h3>\n\n\n\n<h4 class=\"wp-block-heading\">Role kognitivn\u00edch n\u00e1klad\u016f v pl\u00e1nov\u00e1n\u00ed rozhodnut\u00ed<\/h4>\n\n\n\n<p class=\"has-medium-font-size\"><a href=\"http:\/\/buryskova.cz\/wp-content\/uploads\/2026\/03\/Distorting_Attention__Platform_Design__Market_Complexity__and_the_Balance_Between_Advertising_and_Fees-4.pdf\" target=\"_blank\" rel=\"noreferrer noopener\">\ud83d\uddce \u010c\u00edst cel\u00fd \u010dl\u00e1nek<\/a><\/p>\n\n\n\n<figure class=\"wp-block-image size-full\"><img loading=\"lazy\" decoding=\"async\" width=\"721\" height=\"281\" src=\"https:\/\/buryskova.cz\/wp-content\/uploads\/2026\/04\/image-3.png\" alt=\"\" class=\"wp-image-553\" srcset=\"https:\/\/buryskova.cz\/wp-content\/uploads\/2026\/04\/image-3.png 721w, https:\/\/buryskova.cz\/wp-content\/uploads\/2026\/04\/image-3-300x117.png 300w, https:\/\/buryskova.cz\/wp-content\/uploads\/2026\/04\/image-3-18x7.png 18w, https:\/\/buryskova.cz\/wp-content\/uploads\/2026\/04\/image-3-500x195.png 500w\" sizes=\"auto, (max-width: 721px) 100vw, 721px\" \/><\/figure>\n\n\n\n<p class=\"has-medium-font-size\">Tento \u010dl\u00e1nek se zab\u00fdv\u00e1 sekven\u010dn\u00edm rozhodov\u00e1n\u00edm za p\u0159\u00edtomnosti kognitivn\u00edch n\u00e1klad\u016f. Na z\u00e1klad\u011b experiment\u00e1ln\u00edch zji\u0161t\u011bn\u00ed, kter\u00e1 ukazuj\u00ed systematick\u00e9 selh\u00e1v\u00e1n\u00ed v pl\u00e1nov\u00e1n\u00ed, p\u0159edstavuji model, v n\u011bm\u017e se jednotlivci optim\u00e1ln\u011b rozhoduj\u00ed, zda zkoumat budouc\u00ed p\u0159\u00edle\u017eitosti. Model popisuje hodnotu informac\u00ed v prost\u0159ed\u00ed s ned\u011bliteln\u00fdmi statky a rozpo\u010dtov\u00fdm omezen\u00edm. Ukazuji, \u017ee jednotlivci mohou racion\u00e1ln\u011b ignorovat budouc\u00ed p\u0159\u00edle\u017eitosti, pokud je o\u010dek\u00e1van\u00e1 hodnota informac\u00ed n\u00edzk\u00e1 ve srovn\u00e1n\u00ed s kognitivn\u00edmi n\u00e1klady, co\u017e vede k chov\u00e1n\u00ed p\u0159ipom\u00ednaj\u00edc\u00edmu netrp\u011blivost. <\/p>\n<\/blockquote>\n\n\n\n<blockquote class=\"wp-block-quote has-large-font-size is-layout-flow wp-block-quote-is-layout-flow\">\n<h3 class=\"wp-block-heading\">Categorization and Reference-Dependent Decision-Making under Statutory Thresholds: Evidence from a Criminal Law Reform<\/h3>\n\n\n\n<h4 class=\"wp-block-heading\">Referen\u010dn\u00ed body a vn\u00edm\u00e1n\u00ed z\u00e1va\u017enosti \u010dinu v soudn\u00edch rozhodnut\u00edch<\/h4>\n\n\n\n<p class=\"has-medium-font-size\"><a href=\"http:\/\/buryskova.cz\/wp-content\/uploads\/2026\/03\/Reference_and_Severity_Considerations_in_Sentencing__Evidence_from_a_Czech_Criminal_Law_Reform-5.pdf\" target=\"_blank\" rel=\"noreferrer noopener\">\ud83d\uddce \u010c\u00edst cel\u00fd \u010dl\u00e1nek<\/a><\/p>\n\n\n\n<figure class=\"wp-block-image aligncenter size-full is-resized is-style-rounded is-style-rounded--3\"><img loading=\"lazy\" decoding=\"async\" width=\"1920\" height=\"1080\" src=\"https:\/\/buryskova.cz\/wp-content\/uploads\/2026\/03\/FigureA4b_length_vs_damage_binned.png\" alt=\"\" class=\"wp-image-537\" style=\"width:435px;height:auto\" srcset=\"https:\/\/buryskova.cz\/wp-content\/uploads\/2026\/03\/FigureA4b_length_vs_damage_binned.png 1920w, https:\/\/buryskova.cz\/wp-content\/uploads\/2026\/03\/FigureA4b_length_vs_damage_binned-300x169.png 300w, https:\/\/buryskova.cz\/wp-content\/uploads\/2026\/03\/FigureA4b_length_vs_damage_binned-1024x576.png 1024w, https:\/\/buryskova.cz\/wp-content\/uploads\/2026\/03\/FigureA4b_length_vs_damage_binned-768x432.png 768w, https:\/\/buryskova.cz\/wp-content\/uploads\/2026\/03\/FigureA4b_length_vs_damage_binned-1536x864.png 1536w, https:\/\/buryskova.cz\/wp-content\/uploads\/2026\/03\/FigureA4b_length_vs_damage_binned-18x10.png 18w, https:\/\/buryskova.cz\/wp-content\/uploads\/2026\/03\/FigureA4b_length_vs_damage_binned-500x281.png 500w, https:\/\/buryskova.cz\/wp-content\/uploads\/2026\/03\/FigureA4b_length_vs_damage_binned-800x450.png 800w, https:\/\/buryskova.cz\/wp-content\/uploads\/2026\/03\/FigureA4b_length_vs_damage_binned-1280x720.png 1280w\" sizes=\"auto, (max-width: 1920px) 100vw, 1920px\" \/><\/figure>\n\n\n\n<p class=\"has-medium-font-size\"><br>V tomto \u010dl\u00e1nku vyu\u017e\u00edv\u00e1m reformu trestn\u00edho z\u00e1kon\u00edku, abych uk\u00e1zala, jak soudci reaguj\u00ed na zm\u011bny v hranic\u00edch trestn\u00edch sazeb. V\u00fdsledky ukazuj\u00ed, \u017ee soudci ukl\u00e1daj\u00ed m\u00edrn\u011bj\u0161\u00ed tresty nejen tam, kde se sazby zm\u011bnily, ale i tam, kde se roz\u0161\u00ed\u0159ilo spektrum posuzovan\u00fdch skutk\u016f \u2013 co\u017e potvrzuje, \u017ee trestn\u00ed sazby ovliv\u0148uj\u00ed rozhodov\u00e1n\u00ed i nep\u0159\u00edmo, skrze referen\u010dn\u00ed r\u00e1mec.<\/p>\n<\/blockquote>\n","protected":false},"excerpt":{"rendered":"<p>Rozpracovan\u00e9 \u010dl\u00e1nky<\/p>\n","protected":false},"author":1,"featured_media":0,"parent":0,"menu_order":0,"comment_status":"closed","ping_status":"closed","template":"","meta":{"footnotes":""},"class_list":["post-2","page","type-page","status-publish","hentry"],"yoast_head":"<!-- This site is optimized with the Yoast SEO plugin v24.3 - https:\/\/yoast.com\/wordpress\/plugins\/seo\/ -->\n<title>Tereza Bur\u00fd\u0161kov\u00e1<\/title>\n<meta name=\"robots\" content=\"index, follow, max-snippet:-1, max-image-preview:large, max-video-preview:-1\" \/>\n<link rel=\"canonical\" href=\"https:\/\/buryskova.cz\/cz\/research\/\" \/>\n<meta property=\"og:locale\" content=\"cs_CZ\" \/>\n<meta property=\"og:type\" content=\"article\" \/>\n<meta property=\"og:title\" content=\"Tereza Bur\u00fd\u0161kov\u00e1\" \/>\n<meta property=\"og:description\" content=\"Rozpracovan\u00e9 \u010dl\u00e1nky\" \/>\n<meta property=\"og:url\" content=\"https:\/\/buryskova.cz\/cz\/research\/\" \/>\n<meta property=\"og:site_name\" content=\"Tereza Bur\u00fd\u0161kov\u00e1\" \/>\n<meta property=\"article:modified_time\" content=\"2026-04-23T08:28:51+00:00\" \/>\n<meta property=\"og:image\" content=\"https:\/\/buryskova.cz\/wp-content\/uploads\/2025\/04\/Media.png\" \/>\n<meta name=\"twitter:card\" content=\"summary_large_image\" \/>\n<meta name=\"twitter:label1\" content=\"Odhadovan\u00e1 doba \u010dten\u00ed\" \/>\n\t<meta name=\"twitter:data1\" content=\"1 minuta\" \/>\n<script type=\"application\/ld+json\" class=\"yoast-schema-graph\">{\"@context\":\"https:\/\/schema.org\",\"@graph\":[{\"@type\":\"WebPage\",\"@id\":\"https:\/\/buryskova.cz\/cz\/research\/\",\"url\":\"https:\/\/buryskova.cz\/cz\/research\/\",\"name\":\"Tereza Bur\u00fd\u0161kov\u00e1\",\"isPartOf\":{\"@id\":\"http:\/\/buryskova.cz\/en\/#website\"},\"primaryImageOfPage\":{\"@id\":\"https:\/\/buryskova.cz\/cz\/research\/#primaryimage\"},\"image\":{\"@id\":\"https:\/\/buryskova.cz\/cz\/research\/#primaryimage\"},\"thumbnailUrl\":\"https:\/\/buryskova.cz\/wp-content\/uploads\/2025\/04\/Media.png\",\"datePublished\":\"2024-11-15T23:21:17+00:00\",\"dateModified\":\"2026-04-23T08:28:51+00:00\",\"breadcrumb\":{\"@id\":\"https:\/\/buryskova.cz\/cz\/research\/#breadcrumb\"},\"inLanguage\":\"cs\",\"potentialAction\":[{\"@type\":\"ReadAction\",\"target\":[\"https:\/\/buryskova.cz\/cz\/research\/\"]}]},{\"@type\":\"ImageObject\",\"inLanguage\":\"cs\",\"@id\":\"https:\/\/buryskova.cz\/cz\/research\/#primaryimage\",\"url\":\"https:\/\/buryskova.cz\/wp-content\/uploads\/2025\/04\/Media.png\",\"contentUrl\":\"https:\/\/buryskova.cz\/wp-content\/uploads\/2025\/04\/Media.png\"},{\"@type\":\"BreadcrumbList\",\"@id\":\"https:\/\/buryskova.cz\/cz\/research\/#breadcrumb\",\"itemListElement\":[{\"@type\":\"ListItem\",\"position\":1,\"name\":\"Dom\u016f\",\"item\":\"http:\/\/buryskova.cz\/en\/\"},{\"@type\":\"ListItem\",\"position\":2,\"name\":\"V\u00fdzkum\"}]},{\"@type\":\"WebSite\",\"@id\":\"http:\/\/buryskova.cz\/en\/#website\",\"url\":\"http:\/\/buryskova.cz\/en\/\",\"name\":\"Tereza Bur\u00fd\u0161kov\u00e1\",\"description\":\"Akademick\u00e9 str\u00e1nky\",\"potentialAction\":[{\"@type\":\"SearchAction\",\"target\":{\"@type\":\"EntryPoint\",\"urlTemplate\":\"http:\/\/buryskova.cz\/en\/?s={search_term_string}\"},\"query-input\":{\"@type\":\"PropertyValueSpecification\",\"valueRequired\":true,\"valueName\":\"search_term_string\"}}],\"inLanguage\":\"cs\"}]}<\/script>\n<!-- \/ Yoast SEO plugin. -->","yoast_head_json":{"title":"Tereza Bur\u00fd\u0161kov\u00e1","robots":{"index":"index","follow":"follow","max-snippet":"max-snippet:-1","max-image-preview":"max-image-preview:large","max-video-preview":"max-video-preview:-1"},"canonical":"https:\/\/buryskova.cz\/cz\/research\/","og_locale":"cs_CZ","og_type":"article","og_title":"Tereza Bur\u00fd\u0161kov\u00e1","og_description":"Rozpracovan\u00e9 \u010dl\u00e1nky","og_url":"https:\/\/buryskova.cz\/cz\/research\/","og_site_name":"Tereza Bur\u00fd\u0161kov\u00e1","article_modified_time":"2026-04-23T08:28:51+00:00","og_image":[{"url":"https:\/\/buryskova.cz\/wp-content\/uploads\/2025\/04\/Media.png","type":"","width":"","height":""}],"twitter_card":"summary_large_image","twitter_misc":{"Odhadovan\u00e1 doba \u010dten\u00ed":"1 minuta"},"schema":{"@context":"https:\/\/schema.org","@graph":[{"@type":"WebPage","@id":"https:\/\/buryskova.cz\/cz\/research\/","url":"https:\/\/buryskova.cz\/cz\/research\/","name":"Tereza Bur\u00fd\u0161kov\u00e1","isPartOf":{"@id":"http:\/\/buryskova.cz\/en\/#website"},"primaryImageOfPage":{"@id":"https:\/\/buryskova.cz\/cz\/research\/#primaryimage"},"image":{"@id":"https:\/\/buryskova.cz\/cz\/research\/#primaryimage"},"thumbnailUrl":"https:\/\/buryskova.cz\/wp-content\/uploads\/2025\/04\/Media.png","datePublished":"2024-11-15T23:21:17+00:00","dateModified":"2026-04-23T08:28:51+00:00","breadcrumb":{"@id":"https:\/\/buryskova.cz\/cz\/research\/#breadcrumb"},"inLanguage":"cs","potentialAction":[{"@type":"ReadAction","target":["https:\/\/buryskova.cz\/cz\/research\/"]}]},{"@type":"ImageObject","inLanguage":"cs","@id":"https:\/\/buryskova.cz\/cz\/research\/#primaryimage","url":"https:\/\/buryskova.cz\/wp-content\/uploads\/2025\/04\/Media.png","contentUrl":"https:\/\/buryskova.cz\/wp-content\/uploads\/2025\/04\/Media.png"},{"@type":"BreadcrumbList","@id":"https:\/\/buryskova.cz\/cz\/research\/#breadcrumb","itemListElement":[{"@type":"ListItem","position":1,"name":"Dom\u016f","item":"http:\/\/buryskova.cz\/en\/"},{"@type":"ListItem","position":2,"name":"V\u00fdzkum"}]},{"@type":"WebSite","@id":"http:\/\/buryskova.cz\/en\/#website","url":"http:\/\/buryskova.cz\/en\/","name":"Tereza Bur\u00fd\u0161kov\u00e1","description":"Akademick\u00e9 str\u00e1nky","potentialAction":[{"@type":"SearchAction","target":{"@type":"EntryPoint","urlTemplate":"http:\/\/buryskova.cz\/en\/?s={search_term_string}"},"query-input":{"@type":"PropertyValueSpecification","valueRequired":true,"valueName":"search_term_string"}}],"inLanguage":"cs"}]}},"_links":{"self":[{"href":"https:\/\/buryskova.cz\/cz\/wp-json\/wp\/v2\/pages\/2","targetHints":{"allow":["GET"]}}],"collection":[{"href":"https:\/\/buryskova.cz\/cz\/wp-json\/wp\/v2\/pages"}],"about":[{"href":"https:\/\/buryskova.cz\/cz\/wp-json\/wp\/v2\/types\/page"}],"author":[{"embeddable":true,"href":"https:\/\/buryskova.cz\/cz\/wp-json\/wp\/v2\/users\/1"}],"replies":[{"embeddable":true,"href":"https:\/\/buryskova.cz\/cz\/wp-json\/wp\/v2\/comments?post=2"}],"version-history":[{"count":64,"href":"https:\/\/buryskova.cz\/cz\/wp-json\/wp\/v2\/pages\/2\/revisions"}],"predecessor-version":[{"id":560,"href":"https:\/\/buryskova.cz\/cz\/wp-json\/wp\/v2\/pages\/2\/revisions\/560"}],"wp:attachment":[{"href":"https:\/\/buryskova.cz\/cz\/wp-json\/wp\/v2\/media?parent=2"}],"curies":[{"name":"wp","href":"https:\/\/api.w.org\/{rel}","templated":true}]}}